{"id":1068,"date":"2026-01-08T04:26:10","date_gmt":"2026-01-08T04:26:10","guid":{"rendered":"http:\/\/preview.ait-themes.club\/theme\/businessfinder2\/?page_id=1068"},"modified":"2026-01-21T13:38:21","modified_gmt":"2026-01-21T13:38:21","slug":"sante-des-personnes-et-des-entreprises","status":"publish","type":"page","link":"https:\/\/cfhaurci.net\/?page_id=1068","title":{"rendered":"Sant\u00e9 des personnes et des entreprises"},"content":{"rendered":"\n<div class=\"wp-block-uagb-tabs uagb-block-eeffb9c4 uagb-tabs__wrap uagb-tabs__vstyle6-desktop uagb-tabs__vstyle6-tablet uagb-tabs__stack1-mobile\" data-tab-active=\"0\"><ul class=\"uagb-tabs__panel uagb-tabs__align-left\" role=\"tablist\"><li class=\"uagb-tab uagb-tabs__active\" role=\"none\"><a href=\"#uagb-tabs__tab0\" class=\"uagb-tabs-list uagb-tabs__icon-position-left\" data-tab=\"0\" role=\"tab\"><div>Sant\u00e9 des personnes<\/div><\/a><\/li><li class=\"uagb-tab \" role=\"none\"><a href=\"#uagb-tabs__tab1\" class=\"uagb-tabs-list uagb-tabs__icon-position-left\" data-tab=\"1\" role=\"tab\"><div>Sant\u00e9 des entreprises<\/div><\/a><\/li><\/ul><div class=\"uagb-tabs__body-wrap\">\n<div class=\"wp-block-uagb-tabs-child uagb-tabs__body-container uagb-inner-tab-0\" aria-labelledby=\"uagb-tabs__tab0\">\n<p>Nous aidons nos clients \u00e0 faire face aux probl\u00e8mes de s\u00e9curit\u00e9 alimentaire et de sant\u00e9 publique. Nos solutions et services contribuent \u00e0 promouvoir l&rsquo;hygi\u00e8ne, \u00e0 lutter contre la propagation des agents pathog\u00e8nes afin de garantir la sant\u00e9 des populations dans chaque lieu o\u00f9 elles se restaurent, dorment, travaillent, et gu\u00e9rissent.<\/p>\n<\/div>\n\n\n\n<div class=\"wp-block-uagb-tabs-child uagb-tabs__body-container uagb-inner-tab-1\" aria-labelledby=\"uagb-tabs__tab1\">\n<p>Nous aidons les entreprises \u00e0 prosp\u00e9rer en augmentant leur r\u00e9silience et en r\u00e9duisant les risques, ce qui pr\u00e9serve leur r\u00e9putation et leur chiffre d&rsquo;affaires. Pour cela, nous proposons<\/p>\n<\/div>\n<\/div><\/div>\n\n\n\n<p><\/p>\n","protected":false},"excerpt":{"rendered":"","protected":false},"author":1,"featured_media":0,"parent":5612,"menu_order":4,"comment_status":"closed","ping_status":"closed","template":"","meta":{"_uag_custom_page_level_css":"","footnotes":""},"class_list":{"1":"page","2":"type-page","3":"status-publish","4":"hentry"},"mb":[],"uagb_featured_image_src":{"full":false,"thumbnail":false,"medium":false,"medium_large":false,"large":false,"1536x1536":false,"2048x2048":false,"orchid-store-thumbnail-extra-large":false,"orchid-store-thumbnail-large":false},"uagb_author_info":{"display_name":"Cfhaurci@2026","author_link":"https:\/\/cfhaurci.net\/?author=1"},"uagb_comment_info":0,"uagb_excerpt":null,"mfb_rest_fields":["title","uagb_featured_image_src","uagb_author_info","uagb_comment_info","uagb_excerpt","gutenberg_elementor_mode"],"_links":{"self":[{"href":"https:\/\/cfhaurci.net\/index.php?rest_route=\/wp\/v2\/pages\/1068","targetHints":{"allow":["GET"]}}],"collection":[{"href":"https:\/\/cfhaurci.net\/index.php?rest_route=\/wp\/v2\/pages"}],"about":[{"href":"https:\/\/cfhaurci.net\/index.php?rest_route=\/wp\/v2\/types\/page"}],"author":[{"embeddable":true,"href":"https:\/\/cfhaurci.net\/index.php?rest_route=\/wp\/v2\/users\/1"}],"replies":[{"embeddable":true,"href":"https:\/\/cfhaurci.net\/index.php?rest_route=%2Fwp%2Fv2%2Fcomments&post=1068"}],"version-history":[{"count":9,"href":"https:\/\/cfhaurci.net\/index.php?rest_route=\/wp\/v2\/pages\/1068\/revisions"}],"predecessor-version":[{"id":7000,"href":"https:\/\/cfhaurci.net\/index.php?rest_route=\/wp\/v2\/pages\/1068\/revisions\/7000"}],"up":[{"embeddable":true,"href":"https:\/\/cfhaurci.net\/index.php?rest_route=\/wp\/v2\/pages\/5612"}],"wp:attachment":[{"href":"https:\/\/cfhaurci.net\/index.php?rest_route=%2Fwp%2Fv2%2Fmedia&parent=1068"}],"curies":[{"name":"wp","href":"https:\/\/api.w.org\/{rel}","templated":true}]}}