{"id":2864,"date":"2026-01-08T04:30:44","date_gmt":"2026-01-08T04:30:44","guid":{"rendered":"http:\/\/preview.ait-themes.club\/theme\/businessfinder2\/?page_id=2864"},"modified":"2026-01-21T21:50:58","modified_gmt":"2026-01-21T21:50:58","slug":"registration","status":"publish","type":"page","link":"https:\/\/cfhaurci.net\/?page_id=2864","title":{"rendered":"Lutte contre les nuisibles"},"content":{"rendered":"\n<p>En vous associant \u00e0 CFHAURCI, vous avez la garantie de b\u00e9n\u00e9ficier de solutions innovantes d\u00e9livr\u00e9es par des experts sp\u00e9cialis\u00e9s dans la lutte contre les nuisibles, capables de proposer une action efficace et compl\u00e8te, en suivant des protocoles pr\u00e9cis et des analyses concr\u00e8tes visant \u00e0 pr\u00e9venir les risques associ\u00e9s aux nuisibles. Nous vous proposons un support client 24 heures sur 24, 7 jours sur 7, pour vous assurer un partenariat r\u00e9pondant \u00e0 vos attentes.<\/p>\n\n\n\n<div class=\"wp-block-uagb-tabs uagb-block-eeffb9c4 uagb-tabs__wrap uagb-tabs__vstyle6-desktop uagb-tabs__vstyle6-tablet uagb-tabs__stack1-mobile\" data-tab-active=\"0\"><ul class=\"uagb-tabs__panel uagb-tabs__align-left\" role=\"tablist\"><li class=\"uagb-tab uagb-tabs__active\" role=\"none\"><a href=\"#uagb-tabs__tab0\" class=\"uagb-tabs-list uagb-tabs__icon-position-left\" data-tab=\"0\" role=\"tab\"><div><strong>1\/ <strong>Faites confiance \u00e0 CFHAURCI<\/strong><\/strong><\/div><\/a><\/li><li class=\"uagb-tab \" role=\"none\"><a href=\"#uagb-tabs__tab1\" class=\"uagb-tabs-list uagb-tabs__icon-position-left\" data-tab=\"1\" role=\"tab\"><div><strong>2\/ <strong>Nos solutions pour les b\u00e2timents et installations, pour emp\u00eacher les nuisibles d&rsquo;entrer<\/strong><\/strong><\/div><\/a><\/li><li class=\"uagb-tab \" role=\"none\"><a href=\"#uagb-tabs__tab2\" class=\"uagb-tabs-list uagb-tabs__icon-position-left\" data-tab=\"2\" role=\"tab\"><div><strong>3\/ <strong>Nos solutions contre les nuisibles dans l&rsquo;industrie agroalimentaire<\/strong><\/strong><\/div><\/a><\/li><li class=\"uagb-tab \" role=\"none\"><a href=\"#uagb-tabs__tab3\" class=\"uagb-tabs-list uagb-tabs__icon-position-left\" data-tab=\"3\" role=\"tab\"><div><strong>4\/ <strong>Nos solutions de lutte contre les nuisibles pour la restauration<\/strong><\/strong><\/div><\/a><\/li><li class=\"uagb-tab \" role=\"none\"><a href=\"#uagb-tabs__tab4\" class=\"uagb-tabs-list uagb-tabs__icon-position-left\" data-tab=\"4\" role=\"tab\"><div><strong>5\/ <strong>Nos solutions de lutte contre les nuisibles dans le secteur de la sant\u00e9<\/strong><\/strong><\/div><\/a><\/li><li class=\"uagb-tab \" role=\"none\"><a href=\"#uagb-tabs__tab5\" class=\"uagb-tabs-list uagb-tabs__icon-position-left\" data-tab=\"5\" role=\"tab\"><div><strong>6\/ <strong>Nos solutions de lutte contre les nuisibles pour l&rsquo;h\u00f4tellerie<\/strong><\/strong><\/div><\/a><\/li><li class=\"uagb-tab \" role=\"none\"><a href=\"#uagb-tabs__tab6\" class=\"uagb-tabs-list uagb-tabs__icon-position-left\" data-tab=\"6\" role=\"tab\"><div><strong><strong>7\/ <strong>Nos solutions de lutte contre les nuisibles dans la grande distribution<\/strong><\/strong><\/strong><\/div><\/a><\/li><\/ul><div class=\"uagb-tabs__body-wrap\">\n<div class=\"wp-block-uagb-tabs-child uagb-tabs__body-container uagb-inner-tab-0\" aria-labelledby=\"uagb-tabs__tab0\">\n<p>Vous recherchez un partenaire expert en mati\u00e8re d\u2019hygi\u00e8ne, de pr\u00e9vention et de lutte contre les nuisibles ? Nos sp\u00e9cialistes de CFHAURCI sont \u00e0 votre \u00e9coute pour \u00e9valuer la situation de votre site et r\u00e9pondre efficacement \u00e0 vos besoins et probl\u00e9matiques.<strong><\/strong><\/p>\n\n\n\n<p><strong>\u2192 Notre d\u00e9marche pour la lutte contre les nuisibles&nbsp;:<\/strong><\/p>\n\n\n\n<p>B\u00e9n\u00e9ficiez d\u2019une \u00e9valuation gratuite de votre site par un technicien expert de CFHAURCI. Une visite et des recommandations cibl\u00e9es pour r\u00e9pondre efficacement \u00e0 vos besoins et probl\u00e9matiques en mati\u00e8re d\u2019hygi\u00e8ne, de pr\u00e9vention et de lutte contre les nuisibles.<\/p>\n\n\n\n<p><strong>\u2192 Contactez-nous pour une expertise de votre site et un devis gratuit&nbsp;:<\/strong> Remplissez ce formulaire de contact pour b\u00e9n\u00e9ficier d\u2019une \u00e9valuation gratuite de votre site<\/p>\n<\/div>\n\n\n\n<div class=\"wp-block-uagb-tabs-child uagb-tabs__body-container uagb-inner-tab-1\" aria-labelledby=\"uagb-tabs__tab1\">\n<p>Le programme <a>de CFHAURCI <\/a>de lutte contre les nuisibles pour b\u00e2timents et installations vous prot\u00e8ge des nuisibles qui ont un effet n\u00e9gatif sur vos employ\u00e9s, vos visiteurs et votre image de marque.<\/p>\n\n\n\n<p>Nous proposons un programme complet afin de g\u00e9rer les nuisibles les plus courants, comme les rats, les souris, les cafards, les fourmis ou les mouches. Notre approche proactive \u00e9vite que les probl\u00e8mes de nuisibles ne prennent trop d&rsquo;importance. Un service et des produits discrets de lutte contre les nuisibles aident \u00e0 prot\u00e9ger les employ\u00e9s sans les alarmer ni perturber la journ\u00e9e de travail.<\/p>\n\n\n\n<p>Le programme complet de contr\u00f4le des nuisibles de CFHAURCI associe une approche du contr\u00f4le des nuisibles partant de l&rsquo;ext\u00e9rieur vers l&rsquo;int\u00e9rieur, avec une consultation sur site, des rapports aliment\u00e9s par les donn\u00e9es recueillies, un service client 24h\/24, 7j\/7, toute l&rsquo;ann\u00e9e, et des outils de formation pour sensibiliser le personnel \u00e0 la pr\u00e9vention de l&rsquo;activit\u00e9 des nuisibles.<\/p>\n<\/div>\n\n\n\n<div class=\"wp-block-uagb-tabs-child uagb-tabs__body-container uagb-inner-tab-2\" aria-labelledby=\"uagb-tabs__tab2\">\n<p>Prot\u00e9gez votre environnement contre les nuisibles avec le programme de CFHAURCI. Nous pouvons vous aider \u00e0 obtenir d&rsquo;excellents r\u00e9sultats lors de vos audits et vous conseiller pour am\u00e9liorer vos r\u00e9sultats en mati\u00e8re de lutte antiparasitaire sur l\u2019ensemble de vos installations.<\/p>\n\n\n\n<p class=\"fleche\"><strong>\u2192 Services de gestion des nuisibles int\u00e9gr\u00e9s&nbsp;<\/strong><\/p>\n\n\n\n<p>Notre programme de gestion des nuisibles int\u00e9gr\u00e9, conforme aux normes d&rsquo;audit, con\u00e7u sp\u00e9cifiquement pour r\u00e9pondre aux besoins de l&rsquo;industrie de transformation des produits alimentaires. Le programme est con\u00e7u pour r\u00e9duire les risques potentiels li\u00e9s \u00e0 la pr\u00e9sence de nuisibles, vous permettre de r\u00e9pondre aux exigences des audits de la profession et d&rsquo;assurer la s\u00e9curit\u00e9 sanitaire des aliments.<\/p>\n\n\n\n<p class=\"fleche\"><strong>\u2192 Les risques li\u00e9s \u00e0 la pr\u00e9sence de nuisibles dans le secteur agroalimentaire<\/strong><\/p>\n\n\n\n<p>Notre programme de lutte contre les nuisibles comprend du mat\u00e9riels et des produits innovants aux protocoles \u00e9prouv\u00e9s et adapt\u00e9s \u00e0 vos besoins. Il int\u00e8gre des m\u00e9thodes proactives comme la r\u00e9paration des structures, la maintenance et des contr\u00f4les \u00e0 base de solutions biologiques et m\u00e9caniques.<\/p>\n\n\n\n<p class=\"fleche\"><strong>\u2192 Solutions de gestion des nuisibles pour la fabrication des aliments et des boissons<\/strong><\/p>\n\n\n\n<p>Dans les usines de fabrication de boissons et d&rsquo;aliments, il est indispensable de mettre en place un programme de gestion int\u00e9gr\u00e9e des nuisibles. Une infestation de nuisibles pourrait mettre en p\u00e9ril l&rsquo;ensemble de vos activit\u00e9s.&nbsp;Notre programme de gestion des nuisibles int\u00e9gr\u00e9, est conforme aux normes d&rsquo;audit. Il est con\u00e7u sp\u00e9cifiquement pour r\u00e9pondre aux besoins de l&rsquo;industrie de transformation des produits alimentaires.<\/p>\n<\/div>\n\n\n\n<div class=\"wp-block-uagb-tabs-child uagb-tabs__body-container uagb-inner-tab-3\" aria-labelledby=\"uagb-tabs__tab3\">\n<p class=\"fleche\"><strong>\u2192 Prot\u00e9gez la r\u00e9putation de votre restaurant<\/strong><\/p>\n\n\n\n<p>Ne laissez pas les nuisibles nuire \u00e0 la satisfaction de vos clients.<\/p>\n\n\n\n<p>Notre programme vous apporte une tranquillit\u00e9 d&rsquo;esprit totale et met \u00e0 votre disposition les meilleures solutions pour pr\u00e9server votre restaurant des risques li\u00e9s aux nuisibles.<\/p>\n\n\n\n<p>Il s&rsquo;appuie sur une approche globale de la gestion des nuisibles adapt\u00e9e \u00e0 vos besoins sp\u00e9cifiques. Il s&rsquo;occupe des nuisibles les plus fr\u00e9quents dans la restauration en traitant la source des probl\u00e8mes.<br><br>B\u00e9n\u00e9ficiez d&rsquo;un service discret, r\u00e9gulier, et d&rsquo;une garantie de r\u00e9intervention par nos experts hautement qualifi\u00e9s. Nos \u00e9quipes s&rsquo;engagent \u00e0 prot\u00e9ger la r\u00e9putation de votre \u00e9tablissement face aux nuisibles.<strong><\/strong><\/p>\n<\/div>\n\n\n\n<div class=\"wp-block-uagb-tabs-child uagb-tabs__body-container uagb-inner-tab-4\" aria-labelledby=\"uagb-tabs__tab4\">\n<p>Les exigences strictes de la r\u00e9glementation en mati\u00e8re d&rsquo;hygi\u00e8ne vous imposent de prot\u00e9ger vos patients, les visiteurs et votre personnel contre les nuisibles. CFHAURCI vous aide \u00e0 prot\u00e9ger votre image et la sant\u00e9 de vos patients \u00e0 travers un protocole luttant contre les nuisibles.<\/p>\n\n\n\n<p>Nous fournissons un traitement personnalis\u00e9 de gestion des nuisibles, con\u00e7u pour r\u00e9pondre aux besoins sp\u00e9cifiques des h\u00f4pitaux, cliniques et centres de soins. Il est imp\u00e9ratif de pr\u00e9server un environnement sain et sans nuisibles, pour la s\u00e9curit\u00e9 des patients, des r\u00e9sidents, et pour prot\u00e9ger votre r\u00e9putation.<\/p>\n<\/div>\n\n\n\n<div class=\"wp-block-uagb-tabs-child uagb-tabs__body-container uagb-inner-tab-5\" aria-labelledby=\"uagb-tabs__tab5\">\n<p class=\"fleche\"><strong>\u2192 Prot\u00e9gez votre image de marque et am\u00e9liorez la satisfaction de vos clients.<\/strong><\/p>\n\n\n\n<p>Nous sommes conscients qu&rsquo;il est essentiel d&rsquo;\u00e9viter toute pr\u00e9sence de nuisibles dans votre h\u00f4tel. Il suffit d&rsquo;un seul incident pour mettre \u00e0 mal votre image de marque. Les experts de CFHAURCI vous aideront \u00e0 assurer votre tranquillit\u00e9 d&rsquo;esprit en prot\u00e9geant votre \u00e9tablissement contre les nuisibles.<\/p>\n\n\n\n<p>Nous prot\u00e9geons un nombre d&rsquo;\u00e9tablissements h\u00f4teliers, quelle que soit leur taille. La pr\u00e9sence d&rsquo;esp\u00e8ces nuisibles porte atteinte \u00e0 vos clients et \u00e0 votre r\u00e9putation. C\u2019est la raison pour laquelle une analyse de risque approfondie est n\u00e9cessaire.<\/p>\n\n\n\n<p class=\"fleche\"><strong>\u2192 Il suffit d&rsquo;un seul incident li\u00e9 \u00e0 des nuisibles pour ternir votre image de marque.<\/strong><\/p>\n\n\n\n<p>En travaillant avec nos experts, vous conservez une longueur d&rsquo;avance sur les probl\u00e8mes de nuisibles. Prot\u00e9gez votre entreprise et vos clients.&nbsp;<\/p>\n\n\n\n<p>Le programme de CFHAURCI utilise une approche proactive de la gestion des nuisibles, allant de l&rsquo;ext\u00e9rieur vers l&rsquo;int\u00e9rieur. Nous savons que tenir les nuisibles \u00e0 bonne distance de vos locaux constitue la premi\u00e8re \u00e9tape d&rsquo;un programme efficace contre les nuisibles. En travaillant avec nos experts, vous conservez une longueur d&rsquo;avance sur les probl\u00e8mes de nuisibles.<\/p>\n\n\n\n<p>&nbsp;Une protection garantie contre les nuisibles. Nous travaillons en partenariat avec vous pour prot\u00e9ger votre marque gr\u00e2ce \u00e0 des inspections rigoureuses, un suivi r\u00e9gulier, des traitements efficaces et des formations pour votre personnel.<\/p>\n\n\n\n<p class=\"fleche\"><strong>\u2192 La protection pour les h\u00f4tels, un programme complet.<\/strong><\/p>\n\n\n\n<ul class=\"wp-block-list\">\n<li>Un tarif tout compris : inspection et suivi sans co\u00fbts cach\u00e9s\u00a0<\/li>\n\n\n\n<li>Un partenariat garanti contre les rongeurs et les blattes : garantie de r\u00e9intervention.<\/li>\n\n\n\n<li>Surveillance, inspection et rapports : pour tous les nuisibles qui pr\u00e9sentent une menace pour votre entreprise<\/li>\n<\/ul>\n\n\n\n<p class=\"fleche\"><strong>\u2192 Notre programme vous couvre pour tous ces nuisibles :<\/strong><\/p>\n\n\n\n<ul class=\"wp-block-list\">\n<li>Punaises de lit<\/li>\n\n\n\n<li>Rats et souris<\/li>\n\n\n\n<li>Lutte contre les blattes<\/li>\n\n\n\n<li>Moucherons<\/li>\n\n\n\n<li>Fourmis des jardins\u00a0<\/li>\n\n\n\n<li>Gu\u00eapes<\/li>\n\n\n\n<li>Envahisseurs occasionnels\u00a0<\/li>\n<\/ul>\n\n\n\n<p>Des recommandations concernant les mesures de pr\u00e9vention \u00e0 adopter en mati\u00e8re d&rsquo;hygi\u00e8ne et de probl\u00e8mes structurels favorables \u00e0 la multiplication des nuisibles, et des rapports bas\u00e9s sur les mesures prises apr\u00e8s chaque visite comprise dans le service.<\/p>\n\n\n\n<p>Lorsque vous vous associez \u00e0 CFHAURCI, vous \u00eates assur\u00e9 de b\u00e9n\u00e9ficier d\u2019un accompagnement fiable et de sites prot\u00e9g\u00e9s contre les nuisibles, afin de pr\u00e9server au mieux vos clients, votre personnel et votre r\u00e9putation.<\/p>\n<\/div>\n\n\n\n<div class=\"wp-block-uagb-tabs-child uagb-tabs__body-container uagb-inner-tab-6\" aria-labelledby=\"uagb-tabs__tab6\">\n<p>Con\u00e7u exclusivement pour r\u00e9pondre aux demandes de la grande distribution alimentaire, notre programme complet de lutte contre les nuisibles poss\u00e8de tous les outils n\u00e9cessaires pour ma\u00eetriser la pr\u00e9sence de nuisibles dans votre magasin. Nos sp\u00e9cialistes exp\u00e9riment\u00e9s et hautement qualifi\u00e9s mettent en place des protocoles \u00e0 l&rsquo;efficacit\u00e9 prouv\u00e9e et des produits et \u00e9quipements les plus innovants du secteur. Vous pouvez compter sur CFHAURCI pour emp\u00eacher les nuisibles de compromettre la s\u00e9curit\u00e9 sanitaire de vos aliments et de porter atteinte \u00e0 votre image de marque.<\/p>\n\n\n\n<p class=\"fleche\"><strong>\u2192 Prot\u00e9gez votre magasin contre les nuisibles<\/strong><\/p>\n\n\n\n<p>Con\u00e7u sp\u00e9cifiquement pour r\u00e9pondre aux exigences de la grande distribution alimentaire, notre programme de lutte contre les nuisibles offre tout ce dont vous avez besoin pour \u00e9liminer les nuisibles de votre magasin.<\/p>\n\n\n\n<p>Nous fournissons :<\/p>\n\n\n\n<ul class=\"wp-block-list\">\n<li>Protection proactive contre les rats, souris, blattes, mouches, moucherons, insectes des produits stock\u00e9s, fourmis et envahisseurs occasionnels<\/li>\n\n\n\n<li>Des techniciens hautement form\u00e9s dans le domaine de la s\u00e9curit\u00e9 alimentaire<\/li>\n\n\n\n<li>Un service discret<\/li>\n\n\n\n<li>Produits et services haut de gamme avec un faible impact total sur l&rsquo;environnement<\/li>\n<\/ul>\n\n\n\n<p>Lorsque vous vous associez aux experts de la lutte contre les nuisibles de CFHAURCI, vous b\u00e9n\u00e9ficiez de solutions innovantes vous permettant d&rsquo;assurer la s\u00e9curit\u00e9 de vos clients et de votre personnel, et vous pourrez dire adieu aux nuisibles dans vos installations.<\/p>\n<\/div>\n<\/div><\/div>\n\n\n\n<p><\/p>\n","protected":false},"excerpt":{"rendered":"<p>En vous associant \u00e0 CFHAURCI, vous avez la garantie de b\u00e9n\u00e9ficier de solutions innovantes d\u00e9livr\u00e9es par des experts sp\u00e9cialis\u00e9s dans la lutte contre les nuisibles, capables de proposer une action<\/p>\n","protected":false},"author":1,"featured_media":0,"parent":5949,"menu_order":0,"comment_status":"closed","ping_status":"closed","template":"","meta":{"_uag_custom_page_level_css":"","footnotes":""},"class_list":{"1":"page","2":"type-page","3":"status-publish","4":"hentry"},"mb":[],"uagb_featured_image_src":{"full":false,"thumbnail":false,"medium":false,"medium_large":false,"large":false,"1536x1536":false,"2048x2048":false,"orchid-store-thumbnail-extra-large":false,"orchid-store-thumbnail-large":false},"uagb_author_info":{"display_name":"Cfhaurci@2026","author_link":"https:\/\/cfhaurci.net\/?author=1"},"uagb_comment_info":0,"uagb_excerpt":"En vous associant \u00e0 CFHAURCI, vous avez la garantie de b\u00e9n\u00e9ficier de solutions innovantes d\u00e9livr\u00e9es par des experts sp\u00e9cialis\u00e9s dans la lutte contre les nuisibles, capables de proposer une action","mfb_rest_fields":["title","uagb_featured_image_src","uagb_author_info","uagb_comment_info","uagb_excerpt","gutenberg_elementor_mode"],"_links":{"self":[{"href":"https:\/\/cfhaurci.net\/index.php?rest_route=\/wp\/v2\/pages\/2864","targetHints":{"allow":["GET"]}}],"collection":[{"href":"https:\/\/cfhaurci.net\/index.php?rest_route=\/wp\/v2\/pages"}],"about":[{"href":"https:\/\/cfhaurci.net\/index.php?rest_route=\/wp\/v2\/types\/page"}],"author":[{"embeddable":true,"href":"https:\/\/cfhaurci.net\/index.php?rest_route=\/wp\/v2\/users\/1"}],"replies":[{"embeddable":true,"href":"https:\/\/cfhaurci.net\/index.php?rest_route=%2Fwp%2Fv2%2Fcomments&post=2864"}],"version-history":[{"count":15,"href":"https:\/\/cfhaurci.net\/index.php?rest_route=\/wp\/v2\/pages\/2864\/revisions"}],"predecessor-version":[{"id":7090,"href":"https:\/\/cfhaurci.net\/index.php?rest_route=\/wp\/v2\/pages\/2864\/revisions\/7090"}],"up":[{"embeddable":true,"href":"https:\/\/cfhaurci.net\/index.php?rest_route=\/wp\/v2\/pages\/5949"}],"wp:attachment":[{"href":"https:\/\/cfhaurci.net\/index.php?rest_route=%2Fwp%2Fv2%2Fmedia&parent=2864"}],"curies":[{"name":"wp","href":"https:\/\/api.w.org\/{rel}","templated":true}]}}