{"id":5612,"date":"2026-01-03T12:23:17","date_gmt":"2026-01-03T12:23:17","guid":{"rendered":"https:\/\/cfhaurci.net\/commander\/"},"modified":"2026-01-21T14:43:57","modified_gmt":"2026-01-21T14:43:57","slug":"commander","status":"publish","type":"page","link":"https:\/\/cfhaurci.net\/?page_id=5612","title":{"rendered":"Qui sommes nous"},"content":{"rendered":"\n<div class=\"wp-block-media-text is-stacked-on-mobile is-vertically-aligned-top\"><figure class=\"wp-block-media-text__media\"><img fetchpriority=\"high\" decoding=\"async\" width=\"1024\" height=\"684\" src=\"http:\/\/cfhaurci.net\/wp-content\/uploads\/pexels-photo-8761682-8761682-1-1024x684.jpg\" alt=\"A diverse group of professionals smiling in corporate attire indoors.\" class=\"wp-image-6158 size-full\" srcset=\"https:\/\/cfhaurci.net\/wp-content\/uploads\/pexels-photo-8761682-8761682-1-1024x684.jpg 1024w, https:\/\/cfhaurci.net\/wp-content\/uploads\/pexels-photo-8761682-8761682-1-300x200.jpg 300w, https:\/\/cfhaurci.net\/wp-content\/uploads\/pexels-photo-8761682-8761682-1-768x513.jpg 768w, https:\/\/cfhaurci.net\/wp-content\/uploads\/pexels-photo-8761682-8761682-1-1536x1025.jpg 1536w, https:\/\/cfhaurci.net\/wp-content\/uploads\/pexels-photo-8761682-8761682-1-2048x1367.jpg 2048w\" sizes=\"(max-width: 1024px) 100vw, 1024px\" \/><\/figure><div class=\"wp-block-media-text__content\">\n<p class=\"has-drop-cap\">CFHAURCI est un Centre de Formation \u00e0 l\u2019Hygi\u00e8ne Alimentaire Urbaine et Rurale en C\u00f4te d\u2019Ivoire. Formation des techniciens applicateurs hygi\u00e9nistes en hygi\u00e8ne publique et phytosanitaire et Formation hygi\u00e8ne alimentaire HACCP. <\/p>\n\n\n\n<p>CFHAURCI propose aux professionnels et aux particuliers ses services de d\u00e9sinsectisation, d\u00e9ratisation et d\u00e9sinfection. (3D). Nous travaillons aussi avec les entreprises agroalimentaires pour la Fumigation des denr\u00e9es brutes, des locaux et conteneurs pour l\u2019import et l\u2019export.&nbsp;CFHAURCI aide les professionnels et les particuliers \u00e0 maintenir un environnement propre, s\u00fbr et sain. <\/p>\n<\/div><\/div>\n\n\n<ul class=\"wp-elements-5f1cb3f93574d1f2b21b1277b394db3c wp-block-page-list has-text-color has-black-color\"><li class=\"wp-block-pages-list__item\"><a class=\"wp-block-pages-list__item__link\" href=\"https:\/\/cfhaurci.net\/?page_id=5613\">Notre mission<\/a><\/li><li class=\"wp-block-pages-list__item\"><a class=\"wp-block-pages-list__item__link\" href=\"https:\/\/cfhaurci.net\/?page_id=6968\">Mot du Directeur g\u00e9n\u00e9ral<\/a><\/li><li class=\"wp-block-pages-list__item\"><a class=\"wp-block-pages-list__item__link\" href=\"https:\/\/cfhaurci.net\/?page_id=1000\">Organigramme<\/a><\/li><li class=\"wp-block-pages-list__item\"><a class=\"wp-block-pages-list__item__link\" href=\"https:\/\/cfhaurci.net\/?page_id=1068\">Sant\u00e9 des personnes et des entreprises<\/a><\/li><\/ul>","protected":false},"excerpt":{"rendered":"<p>CFHAURCI est un Centre de Formation \u00e0 l\u2019Hygi\u00e8ne Alimentaire Urbaine et Rurale en C\u00f4te d\u2019Ivoire. Formation des techniciens applicateurs hygi\u00e9nistes en hygi\u00e8ne publique et phytosanitaire et Formation hygi\u00e8ne alimentaire HACCP.<\/p>\n","protected":false},"author":1,"featured_media":0,"parent":0,"menu_order":2,"comment_status":"closed","ping_status":"closed","template":"","meta":{"_uag_custom_page_level_css":"","footnotes":""},"class_list":{"1":"page","2":"type-page","3":"status-publish","4":"hentry"},"mb":[],"uagb_featured_image_src":{"full":false,"thumbnail":false,"medium":false,"medium_large":false,"large":false,"1536x1536":false,"2048x2048":false,"orchid-store-thumbnail-extra-large":false,"orchid-store-thumbnail-large":false},"uagb_author_info":{"display_name":"Cfhaurci@2026","author_link":"https:\/\/cfhaurci.net\/?author=1"},"uagb_comment_info":0,"uagb_excerpt":"CFHAURCI est un Centre de Formation \u00e0 l\u2019Hygi\u00e8ne Alimentaire Urbaine et Rurale en C\u00f4te d\u2019Ivoire. Formation des techniciens applicateurs hygi\u00e9nistes en hygi\u00e8ne publique et phytosanitaire et Formation hygi\u00e8ne alimentaire HACCP.","mfb_rest_fields":["title","uagb_featured_image_src","uagb_author_info","uagb_comment_info","uagb_excerpt","gutenberg_elementor_mode"],"_links":{"self":[{"href":"https:\/\/cfhaurci.net\/index.php?rest_route=\/wp\/v2\/pages\/5612","targetHints":{"allow":["GET"]}}],"collection":[{"href":"https:\/\/cfhaurci.net\/index.php?rest_route=\/wp\/v2\/pages"}],"about":[{"href":"https:\/\/cfhaurci.net\/index.php?rest_route=\/wp\/v2\/types\/page"}],"author":[{"embeddable":true,"href":"https:\/\/cfhaurci.net\/index.php?rest_route=\/wp\/v2\/users\/1"}],"replies":[{"embeddable":true,"href":"https:\/\/cfhaurci.net\/index.php?rest_route=%2Fwp%2Fv2%2Fcomments&post=5612"}],"version-history":[{"count":14,"href":"https:\/\/cfhaurci.net\/index.php?rest_route=\/wp\/v2\/pages\/5612\/revisions"}],"predecessor-version":[{"id":7034,"href":"https:\/\/cfhaurci.net\/index.php?rest_route=\/wp\/v2\/pages\/5612\/revisions\/7034"}],"wp:attachment":[{"href":"https:\/\/cfhaurci.net\/index.php?rest_route=%2Fwp%2Fv2%2Fmedia&parent=5612"}],"curies":[{"name":"wp","href":"https:\/\/api.w.org\/{rel}","templated":true}]}}