{"id":5613,"date":"2026-01-03T12:23:17","date_gmt":"2026-01-03T12:23:17","guid":{"rendered":"https:\/\/cfhaurci.net\/mon-compte\/"},"modified":"2026-01-21T13:22:03","modified_gmt":"2026-01-21T13:22:03","slug":"notre-mission","status":"publish","type":"page","link":"https:\/\/cfhaurci.net\/?page_id=5613","title":{"rendered":"Notre mission"},"content":{"rendered":"\n<div class=\"wp-block-media-text is-stacked-on-mobile is-vertically-aligned-top\"><figure class=\"wp-block-media-text__media\"><img fetchpriority=\"high\" decoding=\"async\" width=\"1024\" height=\"684\" src=\"http:\/\/cfhaurci.net\/wp-content\/uploads\/pexels-photo-8761682-8761682-1-1024x684.jpg\" alt=\"A diverse group of professionals smiling in corporate attire indoors.\" class=\"wp-image-6158 size-full\" srcset=\"https:\/\/cfhaurci.net\/wp-content\/uploads\/pexels-photo-8761682-8761682-1-1024x684.jpg 1024w, https:\/\/cfhaurci.net\/wp-content\/uploads\/pexels-photo-8761682-8761682-1-300x200.jpg 300w, https:\/\/cfhaurci.net\/wp-content\/uploads\/pexels-photo-8761682-8761682-1-768x513.jpg 768w, https:\/\/cfhaurci.net\/wp-content\/uploads\/pexels-photo-8761682-8761682-1-1536x1025.jpg 1536w, https:\/\/cfhaurci.net\/wp-content\/uploads\/pexels-photo-8761682-8761682-1-2048x1367.jpg 2048w\" sizes=\"(max-width: 1024px) 100vw, 1024px\" \/><\/figure><div class=\"wp-block-media-text__content\">\n<p class=\"has-drop-cap\">Prot\u00e9gez votre entreprise, votre image de marque et vos clients gr\u00e2ce aux experts de CFHAURCI. Partenaire reconnu pour son expertise technique, son savoir-faire et sa capacit\u00e9 d\u2019innovation, CFHAURCI place ses clients professionnels et particuliers au c\u0153ur de toutes ses attentions. Chaque jour, des techniciens hautement qualifi\u00e9s s\u2019engagent pour prot\u00e9ger votre sant\u00e9, votre activit\u00e9, vos clients et votre image de marque dans une conformit\u00e9 r\u00e9glementaire.<\/p>\n\n\n\n<p class=\"has-medium-font-size\"><strong>Notre objectif : prot\u00e9ger et maintenir durablement un environnement s\u00fbr, sain et sans nuisible tout en pr\u00e9servant votre image de marque et la s\u00e9curit\u00e9 des biens et des personnes.<\/strong><\/p>\n\n\n\n<p><strong>Notre travail : <\/strong><\/p>\n\n\n\n<ul class=\"wp-block-list\">\n<li>Formation des techniciens applicateurs hygi\u00e9nistes en hygi\u00e8ne publique et phytosanitaire\u00a0;<\/li>\n\n\n\n<li>Formation en hygi\u00e8ne alimentaire selon la m\u00e9thode Hazard Analysis Critical Control Point (HACCP)\u00a0;<\/li>\n\n\n\n<li>Proposition des services de d\u00e9sinsectisation, d\u00e9ratisation et d\u00e9sinfection. (3D)\u00a0[services de st\u00e9rilisation et d\u00e9contamination\u00a0?] ;<\/li>\n\n\n\n<li>Fumigation des denr\u00e9es brutes, des locaux et conteneurs pour l\u2019import et l\u2019export\u00a0;<\/li>\n\n\n\n<li>Maintien des environnements propres, s\u00fbrs et sains.<\/li>\n<\/ul>\n\n\n\n<p><strong>Nous travaillons en partenariat pour rendre les lieux plus propres, plus s\u00fbrs et plus sains, afin d&rsquo;aider nos clients \u00e0 prosp\u00e9rer tout en prot\u00e9geant les personnes et les ressources vitales.<\/strong><\/p>\n\n\n\n<p>Gr\u00e2ce \u00e0 notre exp\u00e9rience, nous sommes en mesure de prot\u00e9ger la sant\u00e9 des personnes et des entreprises.<\/p>\n<\/div><\/div>\n","protected":false},"excerpt":{"rendered":"","protected":false},"author":1,"featured_media":0,"parent":5612,"menu_order":1,"comment_status":"closed","ping_status":"closed","template":"","meta":{"_uag_custom_page_level_css":"","footnotes":""},"class_list":{"1":"page","2":"type-page","3":"status-publish","4":"hentry"},"mb":[],"uagb_featured_image_src":{"full":false,"thumbnail":false,"medium":false,"medium_large":false,"large":false,"1536x1536":false,"2048x2048":false,"orchid-store-thumbnail-extra-large":false,"orchid-store-thumbnail-large":false},"uagb_author_info":{"display_name":"Cfhaurci@2026","author_link":"https:\/\/cfhaurci.net\/?author=1"},"uagb_comment_info":0,"uagb_excerpt":null,"mfb_rest_fields":["title","uagb_featured_image_src","uagb_author_info","uagb_comment_info","uagb_excerpt","gutenberg_elementor_mode"],"_links":{"self":[{"href":"https:\/\/cfhaurci.net\/index.php?rest_route=\/wp\/v2\/pages\/5613","targetHints":{"allow":["GET"]}}],"collection":[{"href":"https:\/\/cfhaurci.net\/index.php?rest_route=\/wp\/v2\/pages"}],"about":[{"href":"https:\/\/cfhaurci.net\/index.php?rest_route=\/wp\/v2\/types\/page"}],"author":[{"embeddable":true,"href":"https:\/\/cfhaurci.net\/index.php?rest_route=\/wp\/v2\/users\/1"}],"replies":[{"embeddable":true,"href":"https:\/\/cfhaurci.net\/index.php?rest_route=%2Fwp%2Fv2%2Fcomments&post=5613"}],"version-history":[{"count":11,"href":"https:\/\/cfhaurci.net\/index.php?rest_route=\/wp\/v2\/pages\/5613\/revisions"}],"predecessor-version":[{"id":6990,"href":"https:\/\/cfhaurci.net\/index.php?rest_route=\/wp\/v2\/pages\/5613\/revisions\/6990"}],"up":[{"embeddable":true,"href":"https:\/\/cfhaurci.net\/index.php?rest_route=\/wp\/v2\/pages\/5612"}],"wp:attachment":[{"href":"https:\/\/cfhaurci.net\/index.php?rest_route=%2Fwp%2Fv2%2Fmedia&parent=5613"}],"curies":[{"name":"wp","href":"https:\/\/api.w.org\/{rel}","templated":true}]}}