{"id":5949,"date":"2026-01-08T04:33:21","date_gmt":"2026-01-08T04:33:21","guid":{"rendered":"https:\/\/cfhaurci.net\/?page_id=5949"},"modified":"2026-01-21T17:02:05","modified_gmt":"2026-01-21T17:02:05","slug":"secteurs-dactivite","status":"publish","type":"page","link":"https:\/\/cfhaurci.net\/?page_id=5949","title":{"rendered":"Secteurs d&rsquo;activit\u00e9"},"content":{"rendered":"\n<p>Depuis plus de 25 ans, nous travaillons pour pr\u00e9server la salubrit\u00e9 des aliments, emp\u00eacher la propagation des infections et prot\u00e9ger des ressources vitales.<\/p>\n\n\n<ul class=\"wp-elements-b9f7869257879dcb6d54082b97623ba8 wp-block-page-list has-text-color has-black-color\"><li class=\"wp-block-pages-list__item\"><a class=\"wp-block-pages-list__item__link\" href=\"https:\/\/cfhaurci.net\/?page_id=2864\">Lutte contre les nuisibles<\/a><\/li><li class=\"wp-block-pages-list__item\"><a class=\"wp-block-pages-list__item__link\" href=\"https:\/\/cfhaurci.net\/?page_id=5957\">Offres de formation<\/a><\/li><\/ul>","protected":false},"excerpt":{"rendered":"<p>Depuis plus de 25 ans, nous travaillons pour pr\u00e9server la salubrit\u00e9 des aliments, emp\u00eacher la propagation des infections et prot\u00e9ger des ressources vitales.<\/p>\n","protected":false},"author":1,"featured_media":0,"parent":0,"menu_order":4,"comment_status":"closed","ping_status":"closed","template":"","meta":{"_uag_custom_page_level_css":"","footnotes":""},"class_list":{"1":"page","2":"type-page","3":"status-publish","4":"hentry"},"mb":[],"uagb_featured_image_src":{"full":false,"thumbnail":false,"medium":false,"medium_large":false,"large":false,"1536x1536":false,"2048x2048":false,"orchid-store-thumbnail-extra-large":false,"orchid-store-thumbnail-large":false},"uagb_author_info":{"display_name":"Cfhaurci@2026","author_link":"https:\/\/cfhaurci.net\/?author=1"},"uagb_comment_info":0,"uagb_excerpt":"Depuis plus de 25 ans, nous travaillons pour pr\u00e9server la salubrit\u00e9 des aliments, emp\u00eacher la propagation des infections et prot\u00e9ger des ressources vitales.","mfb_rest_fields":["title","uagb_featured_image_src","uagb_author_info","uagb_comment_info","uagb_excerpt","gutenberg_elementor_mode"],"_links":{"self":[{"href":"https:\/\/cfhaurci.net\/index.php?rest_route=\/wp\/v2\/pages\/5949","targetHints":{"allow":["GET"]}}],"collection":[{"href":"https:\/\/cfhaurci.net\/index.php?rest_route=\/wp\/v2\/pages"}],"about":[{"href":"https:\/\/cfhaurci.net\/index.php?rest_route=\/wp\/v2\/types\/page"}],"author":[{"embeddable":true,"href":"https:\/\/cfhaurci.net\/index.php?rest_route=\/wp\/v2\/users\/1"}],"replies":[{"embeddable":true,"href":"https:\/\/cfhaurci.net\/index.php?rest_route=%2Fwp%2Fv2%2Fcomments&post=5949"}],"version-history":[{"count":2,"href":"https:\/\/cfhaurci.net\/index.php?rest_route=\/wp\/v2\/pages\/5949\/revisions"}],"predecessor-version":[{"id":7066,"href":"https:\/\/cfhaurci.net\/index.php?rest_route=\/wp\/v2\/pages\/5949\/revisions\/7066"}],"wp:attachment":[{"href":"https:\/\/cfhaurci.net\/index.php?rest_route=%2Fwp%2Fv2%2Fmedia&parent=5949"}],"curies":[{"name":"wp","href":"https:\/\/api.w.org\/{rel}","templated":true}]}}