{"id":5962,"date":"2026-01-08T04:44:20","date_gmt":"2026-01-08T04:44:20","guid":{"rendered":"https:\/\/cfhaurci.net\/?page_id=5962"},"modified":"2026-01-21T16:53:35","modified_gmt":"2026-01-21T16:53:35","slug":"service-de-desinfection","status":"publish","type":"page","link":"https:\/\/cfhaurci.net\/?page_id=5962","title":{"rendered":"Service de disinfection"},"content":{"rendered":"\n<p>\u00c9vitez les probl\u00e8mes d&rsquo;infection et offrez un environnement propre et sain \u00e0 vos clients et \u00e0 vos employ\u00e9s. Nos \u00e9quipes hautement qualifi\u00e9es sont \u00e0 votre disposition pour r\u00e9pondre \u00e0 vos besoins en mati\u00e8re de d\u00e9sinfection o\u00f9 que vous soyez. <\/p>\n\n\n\n<p>\u00c9vitez les probl\u00e8mes d&rsquo;infection et offrez un environnement propre et sain \u00e0 vos clients et \u00e0 vos employ\u00e9s. Nos \u00e9quipes hautement qualifi\u00e9es sont \u00e0 votre disposition pour r\u00e9pondre \u00e0 vos besoins en mati\u00e8re de d\u00e9sinfection o\u00f9 que vous soyez.<\/p>\n\n\n\n<p class=\"fleche has-medium-font-size\"><strong>Installations et surfaces<\/strong><\/p>\n\n\n\n<p>Conformes aux exigences r\u00e9glementaires, nos services de d\u00e9sinfection sont id\u00e9als pour d\u00e9sinfecter les surfaces comme les portes, les tables, les rampes, les interrupteurs, les bureaux, les toilettes, les chaises, les distributeurs de boissons\/aliments, etc&#8230;<\/p>\n\n\n\n<p>Notre d\u00e9sinfectant professionnel contient un virucide \u00e0 l&rsquo;efficacit\u00e9 prouv\u00e9e contre les virus envelopp\u00e9s. Il est efficace pour \u00e9liminer toute trace de virus sur les surfaces trait\u00e9es. Une fois le traitement r\u00e9alis\u00e9, vous pourrez retourner dans vos installations avec l&rsquo;assurance que les virus ont \u00e9t\u00e9 \u00e9limin\u00e9s des surfaces trait\u00e9es.<\/p>\n\n\n\n<p class=\"fleche\"><strong>\u2192 Nous vous donnons les moyens de gagner le combat contre les nuisibles<\/strong><\/p>\n\n\n\n<p>Les solutions de lutte contre les nuisibles de CFHAURCI sont con\u00e7ues pour vous aider \u00e0 maintenir un environnement s\u00fbr, sain et sans nuisibles.<\/p>\n\n\n\n<p class=\"fleche\"><strong>\u2192 Les lampes anti-insectes : un \u00e9l\u00e9ment dans le contr\u00f4le des nuisibles de l&rsquo;ext\u00e9rieur \u00e0 l&rsquo;int\u00e9rieur<\/strong><\/p>\n","protected":false},"excerpt":{"rendered":"<p>\u00c9vitez les probl\u00e8mes d&rsquo;infection et offrez un environnement propre et sain \u00e0 vos clients et \u00e0 vos employ\u00e9s. Nos \u00e9quipes hautement qualifi\u00e9es sont \u00e0 votre disposition pour r\u00e9pondre \u00e0 vos<\/p>\n","protected":false},"author":1,"featured_media":0,"parent":5611,"menu_order":2,"comment_status":"closed","ping_status":"closed","template":"","meta":{"_uag_custom_page_level_css":"","footnotes":""},"class_list":{"1":"page","2":"type-page","3":"status-publish","4":"hentry"},"mb":[],"uagb_featured_image_src":{"full":false,"thumbnail":false,"medium":false,"medium_large":false,"large":false,"1536x1536":false,"2048x2048":false,"orchid-store-thumbnail-extra-large":false,"orchid-store-thumbnail-large":false},"uagb_author_info":{"display_name":"Cfhaurci@2026","author_link":"https:\/\/cfhaurci.net\/?author=1"},"uagb_comment_info":0,"uagb_excerpt":"\u00c9vitez les probl\u00e8mes d&rsquo;infection et offrez un environnement propre et sain \u00e0 vos clients et \u00e0 vos employ\u00e9s. Nos \u00e9quipes hautement qualifi\u00e9es sont \u00e0 votre disposition pour r\u00e9pondre \u00e0 vos","mfb_rest_fields":["title","uagb_featured_image_src","uagb_author_info","uagb_comment_info","uagb_excerpt","gutenberg_elementor_mode"],"_links":{"self":[{"href":"https:\/\/cfhaurci.net\/index.php?rest_route=\/wp\/v2\/pages\/5962","targetHints":{"allow":["GET"]}}],"collection":[{"href":"https:\/\/cfhaurci.net\/index.php?rest_route=\/wp\/v2\/pages"}],"about":[{"href":"https:\/\/cfhaurci.net\/index.php?rest_route=\/wp\/v2\/types\/page"}],"author":[{"embeddable":true,"href":"https:\/\/cfhaurci.net\/index.php?rest_route=\/wp\/v2\/users\/1"}],"replies":[{"embeddable":true,"href":"https:\/\/cfhaurci.net\/index.php?rest_route=%2Fwp%2Fv2%2Fcomments&post=5962"}],"version-history":[{"count":6,"href":"https:\/\/cfhaurci.net\/index.php?rest_route=\/wp\/v2\/pages\/5962\/revisions"}],"predecessor-version":[{"id":7064,"href":"https:\/\/cfhaurci.net\/index.php?rest_route=\/wp\/v2\/pages\/5962\/revisions\/7064"}],"up":[{"embeddable":true,"href":"https:\/\/cfhaurci.net\/index.php?rest_route=\/wp\/v2\/pages\/5611"}],"wp:attachment":[{"href":"https:\/\/cfhaurci.net\/index.php?rest_route=%2Fwp%2Fv2%2Fmedia&parent=5962"}],"curies":[{"name":"wp","href":"https:\/\/api.w.org\/{rel}","templated":true}]}}