{"id":6968,"date":"2026-01-21T12:28:22","date_gmt":"2026-01-21T12:28:22","guid":{"rendered":"https:\/\/cfhaurci.net\/?page_id=6968"},"modified":"2026-01-22T08:57:29","modified_gmt":"2026-01-22T08:57:29","slug":"mot-du-directeur-general","status":"publish","type":"page","link":"https:\/\/cfhaurci.net\/?page_id=6968","title":{"rendered":"Mot du Directeur g\u00e9n\u00e9ral"},"content":{"rendered":"\n<div class=\"wp-block-media-text is-stacked-on-mobile is-vertically-aligned-top\"><figure class=\"wp-block-media-text__media\"><img fetchpriority=\"high\" decoding=\"async\" width=\"1024\" height=\"683\" src=\"https:\/\/cfhaurci.net\/wp-content\/uploads\/Image_DG-1024x683.jpg\" alt=\"\" class=\"wp-image-7117 size-full\" srcset=\"https:\/\/cfhaurci.net\/wp-content\/uploads\/Image_DG-1024x683.jpg 1024w, https:\/\/cfhaurci.net\/wp-content\/uploads\/Image_DG-300x200.jpg 300w, https:\/\/cfhaurci.net\/wp-content\/uploads\/Image_DG-768x513.jpg 768w, https:\/\/cfhaurci.net\/wp-content\/uploads\/Image_DG.jpg 1536w\" sizes=\"(max-width: 1024px) 100vw, 1024px\" \/><\/figure><div class=\"wp-block-media-text__content\">\n<p><strong>Pr\u00e9server l\u2019homme et son environnement des risques sanitaires et \u00e9conomiques dus aux animaux nuisibles (rongeurs, insectes, acariens, volatiles, etc.). Contribuer efficacement au bien-\u00eatre et \u00e0 l\u2019environnement sain de nos clients.<\/strong><\/p>\n\n\n\n<p>Qu\u2019il s\u2019agisse de r\u00e9sidences, de soci\u00e9t\u00e9s commerciales ou industrielles, d\u2019\u00e9tablissements publics ou priv\u00e9s (\u00e9coles, administrations, h\u00f4tels, restaurants, \u00e9tablissements de sant\u00e9\u2026), CFHAURCI propose des solutions efficaces pour la protection sanitaire et le confort du cadre de vie.<\/p>\n\n\n\n<p>Dans le cadre de nos prestations de lutte antiparasitaire, nous sommes amen\u00e9s \u00e0 utiliser des produits chimiques (Phytosanitaires et Biocides). Nous veillons \u00e0 respecter scrupuleusement les r\u00e9glementations li\u00e9es aux pesticides et la r\u00e9glementation environnementale.<\/p>\n\n\n\n<p><strong>Notre professionnalisme et notre engagement<\/strong> :<\/p>\n\n\n\n<p>Nos m\u00e9tiers font appel \u00e0 des comp\u00e9tences sp\u00e9cifiques et pointues. Nos \u00e9quipes sont constitu\u00e9es de professionnels qualifi\u00e9s et impliqu\u00e9s \u00e0 tous les niveaux de la hi\u00e9rarchie.<\/p>\n\n\n\n<p>Nous parvenons \u00e0 obtenir ainsi qu\u2019\u00e0 conserver la confiance de nos clients et de nos salari\u00e9s en respectant nos engagements en termes de qualit\u00e9, de d\u00e9lais et de prix.<\/p>\n\n\n\n<p><em>Sinc\u00e8res salutations<\/em><\/p>\n\n\n\n<p class=\"has-medium-font-size\">Louis TEBILY<\/p>\n\n\n\n<p>Directeur G\u00e9n\u00e9ral<\/p>\n\n\n\n<p>CFHAURCI<\/p>\n<\/div><\/div>\n","protected":false},"excerpt":{"rendered":"<p>Pr\u00e9server l\u2019homme et son environnement des risques sanitaires et \u00e9conomiques dus aux animaux nuisibles (rongeurs, insectes, acariens, volatiles, etc.). Contribuer efficacement au bien-\u00eatre et \u00e0 l\u2019environnement sain de nos clients.<\/p>\n","protected":false},"author":1,"featured_media":0,"parent":5612,"menu_order":2,"comment_status":"closed","ping_status":"closed","template":"","meta":{"_uag_custom_page_level_css":"","footnotes":""},"class_list":{"1":"page","2":"type-page","3":"status-publish","4":"hentry"},"mb":[],"uagb_featured_image_src":{"full":false,"thumbnail":false,"medium":false,"medium_large":false,"large":false,"1536x1536":false,"2048x2048":false,"orchid-store-thumbnail-extra-large":false,"orchid-store-thumbnail-large":false},"uagb_author_info":{"display_name":"Cfhaurci@2026","author_link":"https:\/\/cfhaurci.net\/?author=1"},"uagb_comment_info":0,"uagb_excerpt":"Pr\u00e9server l\u2019homme et son environnement des risques sanitaires et \u00e9conomiques dus aux animaux nuisibles (rongeurs, insectes, acariens, volatiles, etc.). Contribuer efficacement au bien-\u00eatre et \u00e0 l\u2019environnement sain de nos clients.","mfb_rest_fields":["title","uagb_featured_image_src","uagb_author_info","uagb_comment_info","uagb_excerpt","gutenberg_elementor_mode"],"_links":{"self":[{"href":"https:\/\/cfhaurci.net\/index.php?rest_route=\/wp\/v2\/pages\/6968","targetHints":{"allow":["GET"]}}],"collection":[{"href":"https:\/\/cfhaurci.net\/index.php?rest_route=\/wp\/v2\/pages"}],"about":[{"href":"https:\/\/cfhaurci.net\/index.php?rest_route=\/wp\/v2\/types\/page"}],"author":[{"embeddable":true,"href":"https:\/\/cfhaurci.net\/index.php?rest_route=\/wp\/v2\/users\/1"}],"replies":[{"embeddable":true,"href":"https:\/\/cfhaurci.net\/index.php?rest_route=%2Fwp%2Fv2%2Fcomments&post=6968"}],"version-history":[{"count":8,"href":"https:\/\/cfhaurci.net\/index.php?rest_route=\/wp\/v2\/pages\/6968\/revisions"}],"predecessor-version":[{"id":7118,"href":"https:\/\/cfhaurci.net\/index.php?rest_route=\/wp\/v2\/pages\/6968\/revisions\/7118"}],"up":[{"embeddable":true,"href":"https:\/\/cfhaurci.net\/index.php?rest_route=\/wp\/v2\/pages\/5612"}],"wp:attachment":[{"href":"https:\/\/cfhaurci.net\/index.php?rest_route=%2Fwp%2Fv2%2Fmedia&parent=6968"}],"curies":[{"name":"wp","href":"https:\/\/api.w.org\/{rel}","templated":true}]}}